{"id":412,"date":"2024-04-07T06:52:56","date_gmt":"2024-04-07T04:52:56","guid":{"rendered":"https:\/\/www.brescadigital.cat\/politica-de-privacitat\/"},"modified":"2024-07-18T17:04:32","modified_gmt":"2024-07-18T15:04:32","slug":"politica-de-privacidad","status":"publish","type":"page","link":"https:\/\/www.brescadigital.cat\/es\/politica-de-privacidad\/","title":{"rendered":"Pol\u00edtica de privacidad"},"content":{"rendered":"\t\t<div data-elementor-type=\"wp-page\" data-elementor-id=\"412\" class=\"elementor elementor-412 elementor-17\" data-elementor-post-type=\"page\">\n\t\t\t\t<div class=\"elementor-element elementor-element-e3765bc e-flex e-con-boxed e-con e-parent\" data-id=\"e3765bc\" data-element_type=\"container\" data-e-type=\"container\">\n\t\t\t\t\t<div class=\"e-con-inner\">\n\t\t\t\t<div class=\"elementor-element elementor-element-418e9e2 h1block elementor-widget elementor-widget-heading\" data-id=\"418e9e2\" data-element_type=\"widget\" data-e-type=\"widget\" data-widget_type=\"heading.default\">\n\t\t\t\t<div class=\"elementor-widget-container\">\n\t\t\t\t\t<h1 class=\"elementor-heading-title elementor-size-default\">Pol\u00edtica de privacidad<\/h1>\t\t\t\t<\/div>\n\t\t\t\t<\/div>\n\t\t\t\t<div class=\"elementor-element elementor-element-83c64ce elementor-widget elementor-widget-text-editor\" data-id=\"83c64ce\" data-element_type=\"widget\" data-e-type=\"widget\" data-widget_type=\"text-editor.default\">\n\t\t\t\t<div class=\"elementor-widget-container\">\n\t\t\t\t\t\t\t\t\t<p>BRESCA DIGITAL SCCL informa a las personas usuarias del sitio web sobre su pol\u00edtica respecto al tratamiento y protecci\u00f3n de los datos de car\u00e1cter personal que puedan ser recabados por la navegaci\u00f3n a trav\u00e9s de su sitio web.<\/p><h3>1.- Informaci\u00f3n al Usuario<\/h3><p><strong>Responsable del Tratamiento<\/strong>:<br \/>BRESCA DIGITAL SCCL<br \/>CIF:F44817674<br \/>CALLE NORTE 2 \u2013 25230 \u2013 LLEIDA.<br \/>Tel\u00e9fono: 722 616 982<br \/>E-mail: hola@brescadigital.cat<\/p><p><strong>Finalidad del tratamiento de sus datos<\/strong>: Los datos ser\u00e1n utilizados para mantener una relaci\u00f3n comercial con el Usuario. Las operaciones previstas para realizar el tratamiento son:<\/p><p>Remisi\u00f3n de comunicaciones comerciales publicitarias por e-mail, fax, SMS, MMS, redes sociales o cualquier otro medio electr\u00f3nico o f\u00edsico, presente o futuro, que posibilite realizar comunicaciones comerciales. Estas comunicaciones ser\u00e1n realizadas por El Responsable y relacionadas con sus productos y servicios, o con los de sus colaboradores o proveedores con los que \u00e9ste haya llegado a alg\u00fan acuerdo de promoci\u00f3n. En ese caso, los terceros nunca tendr\u00e1n acceso a los datos personales.<br \/>Tramitar encargos de peticiones o cualquier tipo de petici\u00f3n que sea realizada por el usuario a trav\u00e9s de cualquiera de las formas de contacto que se ponen a su disposici\u00f3n.<br \/>Remitir el bolet\u00edn de noticias de la p\u00e1gina web.<\/p><p><strong>Criterios de conservaci\u00f3n de los datos<\/strong>: Los datos personales proporcionados se conservar\u00e1n hasta que la persona interesada solicite su supresi\u00f3n, ejerciendo sus derechos sobre los datos, y en cualquier caso en cumplimiento de plazos legales de prescripci\u00f3n que le sean aplicables.<\/p><p><strong>Legitimaci\u00f3n<\/strong>: La base legal para el tratamiento de los datos personales est\u00e1 basada en el consentimiento expreso del propio interesado o en su caso en la ejecuci\u00f3n de un contrato y\/o servicio. En cualquier momento podr\u00e1 ejercerse el derecho a retirar el consentimiento sin que ello afecte a la licitud del tratamiento basado en el consentimiento previo a su retirada.<\/p><p><strong>Destinatarios<\/strong>: Los datos ser\u00e1n utilizados por el Responsable, tambi\u00e9n podr\u00e1 comunicar leg\u00edtimamente los datos personales con los encargados de tratamiento para la ejecuci\u00f3n de un contrato o prestaci\u00f3n de un servicio al Responsable, siguiendo por ello sus instrucciones en todo momento y asegurando los mismos niveles de seguridad.<\/p><p><strong>Derechos<\/strong>: El usuario tiene derecho a:<\/p><ul><li>Solicitar el acceso a sus datos personales que se est\u00e1n tratando y recibir esta informaci\u00f3n por escrito por el medio solicitado.<\/li><li>Solicitar la rectificaci\u00f3n de los datos personales inexactos o, en su caso, solicitar su supresi\u00f3n cuando, entre otros motivos, los datos ya no sean necesarios para la finalidad por la que fueron recogidos.<\/li><li>Solicitar la limitaci\u00f3n del tratamiento de sus datos.<\/li><li>Oponerse al tratamiento de sus datos personales cuando proceda, en cuyo caso se dejar\u00e1n de tratar sus datos salvo por motivos leg\u00edtimos.<\/li><li>Derecho a la portabilidad de los datos. El interesado\/interesada tiene derecho a recibir los datos personales si han sido facilitados en un formato estructurado, de uso com\u00fan y de lectura mec\u00e1nica, ya transmitirlos a otro responsable, si se cumplen los siguientes requisitos:<br \/>&#8211; El tratamiento se basa en el consentimiento o contrato.<br \/>&#8211; El tratamiento se realiza por medios automatizados.<\/li><li>Derecho a retirar el consentimiento prestado.<\/li><li>Derecho a reclamar ante la Agencia Espa\u00f1ola de Protecci\u00f3n de Datos.<\/li><\/ul><p><br \/>La persona interesada puede ejercitar estos derechos a trav\u00e9s de la direcci\u00f3n de correo electr\u00f3nico hola@brescadigital.cat, identific\u00e1ndose debidamente y solicitando claramente el derecho a ejercer.<\/p><p><strong>Procedencia de los datos<\/strong>: Los datos personales deben ser facilitados por el propio interesado de forma absolutamente voluntaria. La falta de algunos datos o la no respuesta de preguntas que puedan formularse a la persona interesada en los procesos de registro oa trav\u00e9s de formularios electr\u00f3nicos, puede provocar la imposibilidad de acceso a determinados servicios para cuya prestaci\u00f3n es imprescindible de disponer de estos datos de car\u00e1cter personal. En este caso, el Responsable del Tratamiento debe informar del car\u00e1cter obligatorio o necesario de facilitar los datos personales para el funcionamiento del servicio.<br \/>El Responsable asegura la confidencialidad de sus datos personales y garantiza la seguridad de \u00e9stos, adoptando las medidas necesarias para evitar su alteraci\u00f3n, p\u00e9rdida, tratamiento o acceso no autorizado.<\/p><h3>2.- Informaci\u00f3n facilitada por el interesado\/interesada.<\/h3><p>Los menores de 14 a\u00f1os no pueden ceder sus datos personales sin el previo consentimiento de su padre\/madre y\/o tutores legales.<br \/>El interesado\/interesada introduciendo sus datos en los formularios de contacto o presentados en formularios de descarga, aceptan expresamente y de forma libre e inequ\u00edvoca que sus datos son necesarios para que el Responsable atienda su petici\u00f3n, siendo voluntaria la inclusi\u00f3n de datos en los restantes campos.<br \/>El interesado\/interesada garantiza que los datos personales facilitados al prestamista son veraces y se hace responsable de comunicar cualquier modificaci\u00f3n de los mismos.<br \/>Todos los datos solicitados a trav\u00e9s del sitio web son necesarios para la prestaci\u00f3n de un servicio \u00f3ptimo al interesado\/interesada. En caso de que no sean facilitados todos los datos, no se garantiza que la informaci\u00f3n y servicios que el responsable le facilite, sean completamente ajustados a sus necesidades.<\/p><h3>3. Medidas de seguridad<\/h3><p>Que de conformidad con lo dispuesto en las normativas vigentes en materia de protecci\u00f3n de datos personales, El Responsable est\u00e1 cumpliendo con todas las disposiciones de las normativas RGPD y LOPDGDD para el tratamiento de los datos personales de su responsabilidad, y manifiestamente con los principios descritos en el art\u00edculo 5 del RGPD y en el art\u00edculo 4 de la LOPDGDD, por los que son tratados de forma l\u00edcita, leal y transparente en relaci\u00f3n con el interesado y adecuadas, pertinentes y limitados a lo necesario en relaci\u00f3n con los fines a los que son tratados.<\/p><p>El responsable garantiza que ha implementado pol\u00edticas t\u00e9cnicas y organizativas apropiadas para aplicar las medidas de seguridad que establecen el RGPD y la LOPDGDD para proteger los derechos y libertades del interesado\/interesada y les ha comunicado la informaci\u00f3n adecuada para que puedan ejercerlos.<\/p><h3>4. Brechas de Seguridad<\/h3><p>El Responsable informar\u00e1 sobre cualquier brecha de seguridad que afecte a la base de datos que utiliza este sitio web, o que afecte a cualquiera de nuestros servicios de terceros, a todas y cada una de las personas, datos de los que puedan haber sido afectados, y autoridades, dentro de las 72 horas siguientes a la detecci\u00f3n de la brecha.<\/p><h5>LEGISLACI\u00d3N APLICABLE Y JURISDICCI\u00d3N<\/h5><p>Para la resoluci\u00f3n de todas las controversias o cuestiones relacionadas con el presente sitio web o de las actividades en \u00e9l desarrolladas, ser\u00e1 de aplicaci\u00f3n la legislaci\u00f3n espa\u00f1ola, a la que se someten expresamente las partes, siendo competentes para la resoluci\u00f3n de todos los conflictos derivados o relacionados con su uso los Juzgados y Tribunales de Lleida.<\/p>\t\t\t\t\t\t\t\t<\/div>\n\t\t\t\t<\/div>\n\t\t\t\t\t<\/div>\n\t\t\t\t<\/div>\n\t\t\t\t<\/div>\n\t\t","protected":false},"excerpt":{"rendered":"<p>BRESCA DIGITAL SCCL informa a las personas usuarias del sitio web sobre su pol\u00edtica respecto al tratamiento y protecci\u00f3n de los datos de car\u00e1cter personal que puedan ser recabados por la navegaci\u00f3n a trav\u00e9s de su sitio web. 1.- Informaci\u00f3n al Usuario Responsable del Tratamiento:BRESCA DIGITAL SCCLCIF:F44817674CALLE NORTE 2 \u2013 25230 \u2013 LLEIDA.Tel\u00e9fono: 722 616 [&hellip;]<\/p>\n","protected":false},"author":1,"featured_media":0,"parent":0,"menu_order":0,"comment_status":"closed","ping_status":"closed","template":"","meta":{"footnotes":""},"class_list":["post-412","page","type-page","status-publish","hentry"],"_links":{"self":[{"href":"https:\/\/www.brescadigital.cat\/es\/wp-json\/wp\/v2\/pages\/412","targetHints":{"allow":["GET"]}}],"collection":[{"href":"https:\/\/www.brescadigital.cat\/es\/wp-json\/wp\/v2\/pages"}],"about":[{"href":"https:\/\/www.brescadigital.cat\/es\/wp-json\/wp\/v2\/types\/page"}],"author":[{"embeddable":true,"href":"https:\/\/www.brescadigital.cat\/es\/wp-json\/wp\/v2\/users\/1"}],"replies":[{"embeddable":true,"href":"https:\/\/www.brescadigital.cat\/es\/wp-json\/wp\/v2\/comments?post=412"}],"version-history":[{"count":6,"href":"https:\/\/www.brescadigital.cat\/es\/wp-json\/wp\/v2\/pages\/412\/revisions"}],"predecessor-version":[{"id":455,"href":"https:\/\/www.brescadigital.cat\/es\/wp-json\/wp\/v2\/pages\/412\/revisions\/455"}],"wp:attachment":[{"href":"https:\/\/www.brescadigital.cat\/es\/wp-json\/wp\/v2\/media?parent=412"}],"curies":[{"name":"wp","href":"https:\/\/api.w.org\/{rel}","templated":true}]}}