{"id":413,"date":"2024-04-07T06:53:08","date_gmt":"2024-04-07T04:53:08","guid":{"rendered":"https:\/\/www.brescadigital.cat\/politica-de-cookies\/"},"modified":"2024-07-18T17:01:15","modified_gmt":"2024-07-18T15:01:15","slug":"politica-de-cookies","status":"publish","type":"page","link":"https:\/\/www.brescadigital.cat\/es\/politica-de-cookies\/","title":{"rendered":"Pol\u00edtica de cookies"},"content":{"rendered":"\t\t<div data-elementor-type=\"wp-page\" data-elementor-id=\"413\" class=\"elementor elementor-413 elementor-19\" data-elementor-post-type=\"page\">\n\t\t\t\t<div class=\"elementor-element elementor-element-7269954 e-flex e-con-boxed e-con e-parent\" data-id=\"7269954\" data-element_type=\"container\" data-e-type=\"container\">\n\t\t\t\t\t<div class=\"e-con-inner\">\n\t\t\t\t<div class=\"elementor-element elementor-element-934bd69 h1block elementor-widget elementor-widget-heading\" data-id=\"934bd69\" data-element_type=\"widget\" data-e-type=\"widget\" data-widget_type=\"heading.default\">\n\t\t\t\t<div class=\"elementor-widget-container\">\n\t\t\t\t\t<h1 class=\"elementor-heading-title elementor-size-default\">Pol\u00edtica de cookies<\/h1>\t\t\t\t<\/div>\n\t\t\t\t<\/div>\n\t\t\t\t<div class=\"elementor-element elementor-element-73e2788 elementor-widget elementor-widget-text-editor\" data-id=\"73e2788\" data-element_type=\"widget\" data-e-type=\"widget\" data-widget_type=\"text-editor.default\">\n\t\t\t\t<div class=\"elementor-widget-container\">\n\t\t\t\t\t\t\t\t\t<h3>\u00bfQu\u00e9 son las cookies?<\/h3><p>Este sitio web utiliza cookies y\/o tecnolog\u00edas similares que almacenan y recuperan informaci\u00f3n cuando navegas. Por lo general, estas tecnolog\u00edas se pueden utilizar para finalidades muy diversas, como, por ejemplo, reconocerte como usuario, obtener informaci\u00f3n sobre tus h\u00e1bitos de navegaci\u00f3n, o personalizar la forma en la que se muestra el contenido. Los usos concretos que hacemos de estas tecnolog\u00edas se describen a continuaci\u00f3n.<\/p><h3>\u00bfPara qu\u00e9 utiliza las cookies esta p\u00e1gina web?<\/h3><p>Esta p\u00e1gina web utiliza las cookies para una serie de finalidades, incluidas:<\/p><ul><li><strong>An\u00e1lisis<\/strong>: son aquellos que, tratados por nosotros o por terceros, nos permiten cuantificar el n\u00famero de usuarios y as\u00ed realizar la medici\u00f3n y an\u00e1lisis estad\u00edstico de la utilizaci\u00f3n que realizan los usuarios del servicio ofrecido. Para ello se analiza su navegaci\u00f3n en nuestra p\u00e1gina web con el fin de mejorar la oferta de productos o servicios que le ofrecemos.<\/li><li><strong>Publicitarias<\/strong>: son aquellas que, tratadas por nosotros o por terceros, nos permiten analizar sus h\u00e1bitos de navegaci\u00f3n en Internet para que podamos mostrarle publicidad relacionada con su perfil de navegaci\u00f3n.<\/li><\/ul><h3><br \/>\u00bfC\u00f3mo puedo desactivar o eliminar estas cookies?<\/h3><p>Puede permitir o bloquear las cookies, as\u00ed como borrar sus datos de navegaci\u00f3n (incluidas las cookies) desde el navegador que usted utiliza. Consulte las opciones e instrucciones que ofrece su navegador para ello. Tenga en cuenta que si acepta las cookies de terceros, tendr\u00e1 que eliminarlas desde las opciones del navegador.<\/p><p>A continuaci\u00f3n tiene disponibles los enlaces con la informaci\u00f3n para gestionar las cookies de los navegadores m\u00e1s utilizados:<\/p><ul><li><strong>Firefox<\/strong>: http:\/\/support.mozilla.org\/es\/kb\/habilitar-y-deshabilitar-cookies-que-los-sitios-we<\/li><li><strong>Chrome<\/strong>: http:\/\/support.google.com\/chrome\/bin\/answer.py?hl=es&amp;answer=95647<\/li><li><strong>Internet Explorer<\/strong>: https:\/\/support.microsoft.com\/es-es\/help\/278835\/how-to-delete-cookie-files-in-internet-explorer<\/li><li><strong>Microsoft Edge<\/strong>: https:\/\/support.microsoft.com\/es-es\/help\/4468242\/microsoft-edge-browsing-data-and-privacy-microsoft-privacy<\/li><li><strong>Safari<\/strong>: http:\/\/support.apple.com\/kb\/ph5042<\/li><li><strong>Opera<\/strong>:\u00a0http:\/\/help.opera.com\/Windows\/11.50\/es-ES\/cookies.html<\/li><li><strong>Otros navegadores<\/strong>: consulte la documentaci\u00f3n del navegador que tenga instalado.<br \/><br \/><\/li><\/ul><p>Si desea rechazar las cookies anal\u00edticas de Google Analytics en todos los navegadores, de modo que no se env\u00ede su informaci\u00f3n a Google Analitys, puede descargar un complemento que realiza esta funci\u00f3n desde este enlace: https:\/\/tools.google.com \/dlpage\/gaoptout.<\/p><h3>Ejercicio de derechos<\/h3><p>Puede conocer y ejercer sus derechos en materia de protecci\u00f3n de datos accediendo a nuestra pol\u00edtica de privacidad.<\/p>\t\t\t\t\t\t\t\t<\/div>\n\t\t\t\t<\/div>\n\t\t\t\t\t<\/div>\n\t\t\t\t<\/div>\n\t\t\t\t<\/div>\n\t\t","protected":false},"excerpt":{"rendered":"<p>\u00bfQu\u00e9 son las cookies? Este sitio web utiliza cookies y\/o tecnolog\u00edas similares que almacenan y recuperan informaci\u00f3n cuando navegas. Por lo general, estas tecnolog\u00edas se pueden utilizar para finalidades muy diversas, como, por ejemplo, reconocerte como usuario, obtener informaci\u00f3n sobre tus h\u00e1bitos de navegaci\u00f3n, o personalizar la forma en la que se muestra el contenido. [&hellip;]<\/p>\n","protected":false},"author":1,"featured_media":0,"parent":0,"menu_order":0,"comment_status":"closed","ping_status":"closed","template":"","meta":{"footnotes":""},"class_list":["post-413","page","type-page","status-publish","hentry"],"_links":{"self":[{"href":"https:\/\/www.brescadigital.cat\/es\/wp-json\/wp\/v2\/pages\/413","targetHints":{"allow":["GET"]}}],"collection":[{"href":"https:\/\/www.brescadigital.cat\/es\/wp-json\/wp\/v2\/pages"}],"about":[{"href":"https:\/\/www.brescadigital.cat\/es\/wp-json\/wp\/v2\/types\/page"}],"author":[{"embeddable":true,"href":"https:\/\/www.brescadigital.cat\/es\/wp-json\/wp\/v2\/users\/1"}],"replies":[{"embeddable":true,"href":"https:\/\/www.brescadigital.cat\/es\/wp-json\/wp\/v2\/comments?post=413"}],"version-history":[{"count":4,"href":"https:\/\/www.brescadigital.cat\/es\/wp-json\/wp\/v2\/pages\/413\/revisions"}],"predecessor-version":[{"id":452,"href":"https:\/\/www.brescadigital.cat\/es\/wp-json\/wp\/v2\/pages\/413\/revisions\/452"}],"wp:attachment":[{"href":"https:\/\/www.brescadigital.cat\/es\/wp-json\/wp\/v2\/media?parent=413"}],"curies":[{"name":"wp","href":"https:\/\/api.w.org\/{rel}","templated":true}]}}