{"id":418,"date":"2024-04-10T09:57:07","date_gmt":"2024-04-10T07:57:07","guid":{"rendered":"https:\/\/www.brescadigital.cat\/serveis\/disseny-i-desenvolupament-web\/"},"modified":"2024-07-18T17:08:38","modified_gmt":"2024-07-18T15:08:38","slug":"diseno-y-desarrollo-web","status":"publish","type":"page","link":"https:\/\/www.brescadigital.cat\/es\/servicios\/diseno-y-desarrollo-web\/","title":{"rendered":"Dise\u00f1o y desarrollo web"},"content":{"rendered":"\t\t<div data-elementor-type=\"wp-page\" data-elementor-id=\"418\" class=\"elementor elementor-418 elementor-29\" data-elementor-post-type=\"page\">\n\t\t\t\t<div class=\"elementor-element elementor-element-54df5bc e-flex e-con-boxed e-con e-parent\" data-id=\"54df5bc\" data-element_type=\"container\" data-e-type=\"container\">\n\t\t\t\t\t<div class=\"e-con-inner\">\n\t\t<div class=\"elementor-element elementor-element-4507eca e-con-full e-flex e-con e-child\" data-id=\"4507eca\" data-element_type=\"container\" data-e-type=\"container\">\n\t\t\t\t<div class=\"elementor-element elementor-element-4549aaa elementor-widget__width-initial h1block elementor-cta--skin-classic elementor-animated-content elementor-bg-transform elementor-bg-transform-zoom-in elementor-widget elementor-widget-call-to-action\" data-id=\"4549aaa\" data-element_type=\"widget\" data-e-type=\"widget\" data-widget_type=\"call-to-action.default\">\n\t\t\t\t<div class=\"elementor-widget-container\">\n\t\t\t\t\t\t\t<div class=\"elementor-cta\">\n\t\t\t\t\t\t\t<div class=\"elementor-cta__content\">\n\t\t\t\t\n\t\t\t\t\t\t\t\t\t<h2 class=\"elementor-cta__title elementor-cta__content-item elementor-content-item\">\n\t\t\t\t\t\tDise\u00f1o y desarrollo web\t\t\t\t\t<\/h2>\n\t\t\t\t\n\t\t\t\t\t\t\t\t\t<div class=\"elementor-cta__description elementor-cta__content-item elementor-content-item\">\n\t\t\t\t\t\tDise\u00f1amos y desarrollamos p\u00e1ginas web bien definidas y pensadas para sus proyectos. Personalizamos el proceso y estamos al d\u00eda de las \u00faltimas novedades.\t\t\t\t\t<\/div>\n\t\t\t\t\n\t\t\t\t\t\t\t<\/div>\n\t\t\t\t\t\t<\/div>\n\t\t\t\t\t\t<\/div>\n\t\t\t\t<\/div>\n\t\t\t\t<\/div>\n\t\t<div class=\"elementor-element elementor-element-dee173b e-con-full e-flex e-con e-child\" data-id=\"dee173b\" data-element_type=\"container\" data-e-type=\"container\">\n\t\t\t\t<div class=\"elementor-element elementor-element-77d8e7d elementor-widget elementor-widget-image\" data-id=\"77d8e7d\" data-element_type=\"widget\" data-e-type=\"widget\" data-widget_type=\"image.default\">\n\t\t\t\t<div class=\"elementor-widget-container\">\n\t\t\t\t\t\t\t\t\t\t\t\t\t\t\t<img fetchpriority=\"high\" decoding=\"async\" width=\"1142\" height=\"826\" src=\"https:\/\/www.brescadigital.cat\/wp-content\/uploads\/2024\/04\/img-web.png\" class=\"attachment-large size-large wp-image-385\" alt=\"\" srcset=\"https:\/\/www.brescadigital.cat\/wp-content\/uploads\/2024\/04\/img-web.png 1142w, https:\/\/www.brescadigital.cat\/wp-content\/uploads\/2024\/04\/img-web-768x555.png 768w\" sizes=\"(max-width: 1142px) 100vw, 1142px\" \/>\t\t\t\t\t\t\t\t\t\t\t\t\t\t\t<\/div>\n\t\t\t\t<\/div>\n\t\t\t\t<\/div>\n\t\t\t\t\t<\/div>\n\t\t\t\t<\/div>\n\t\t\t\t<\/div>\n\t\t","protected":false},"excerpt":{"rendered":"<p>Dise\u00f1o y desarrollo web Dise\u00f1amos y desarrollamos p\u00e1ginas web bien definidas y pensadas para sus proyectos. Personalizamos el proceso y estamos al d\u00eda de las \u00faltimas novedades.<\/p>\n","protected":false},"author":1,"featured_media":0,"parent":411,"menu_order":0,"comment_status":"closed","ping_status":"closed","template":"","meta":{"footnotes":""},"class_list":["post-418","page","type-page","status-publish","hentry"],"_links":{"self":[{"href":"https:\/\/www.brescadigital.cat\/es\/wp-json\/wp\/v2\/pages\/418","targetHints":{"allow":["GET"]}}],"collection":[{"href":"https:\/\/www.brescadigital.cat\/es\/wp-json\/wp\/v2\/pages"}],"about":[{"href":"https:\/\/www.brescadigital.cat\/es\/wp-json\/wp\/v2\/types\/page"}],"author":[{"embeddable":true,"href":"https:\/\/www.brescadigital.cat\/es\/wp-json\/wp\/v2\/users\/1"}],"replies":[{"embeddable":true,"href":"https:\/\/www.brescadigital.cat\/es\/wp-json\/wp\/v2\/comments?post=418"}],"version-history":[{"count":4,"href":"https:\/\/www.brescadigital.cat\/es\/wp-json\/wp\/v2\/pages\/418\/revisions"}],"predecessor-version":[{"id":467,"href":"https:\/\/www.brescadigital.cat\/es\/wp-json\/wp\/v2\/pages\/418\/revisions\/467"}],"up":[{"embeddable":true,"href":"https:\/\/www.brescadigital.cat\/es\/wp-json\/wp\/v2\/pages\/411"}],"wp:attachment":[{"href":"https:\/\/www.brescadigital.cat\/es\/wp-json\/wp\/v2\/media?parent=418"}],"curies":[{"name":"wp","href":"https:\/\/api.w.org\/{rel}","templated":true}]}}