{"id":419,"date":"2024-04-10T09:57:33","date_gmt":"2024-04-10T07:57:33","guid":{"rendered":"https:\/\/www.brescadigital.cat\/serveis\/consultoria-i-formacio\/"},"modified":"2024-07-18T17:08:24","modified_gmt":"2024-07-18T15:08:24","slug":"consultoria-y-formacion","status":"publish","type":"page","link":"https:\/\/www.brescadigital.cat\/es\/servicios\/consultoria-y-formacion\/","title":{"rendered":"Consultor\u00eda y formaci\u00f3n"},"content":{"rendered":"\t\t<div data-elementor-type=\"wp-page\" data-elementor-id=\"419\" class=\"elementor elementor-419 elementor-33\" data-elementor-post-type=\"page\">\n\t\t\t\t<div class=\"elementor-element elementor-element-3d83427 e-flex e-con-boxed e-con e-parent\" data-id=\"3d83427\" data-element_type=\"container\" data-e-type=\"container\">\n\t\t\t\t\t<div class=\"e-con-inner\">\n\t\t<div class=\"elementor-element elementor-element-5ecbf7c e-con-full e-flex e-con e-child\" data-id=\"5ecbf7c\" data-element_type=\"container\" data-e-type=\"container\">\n\t\t\t\t<div class=\"elementor-element elementor-element-74e0aca elementor-widget__width-initial h1block elementor-cta--skin-classic elementor-animated-content elementor-bg-transform elementor-bg-transform-zoom-in elementor-widget elementor-widget-call-to-action\" data-id=\"74e0aca\" data-element_type=\"widget\" data-e-type=\"widget\" data-widget_type=\"call-to-action.default\">\n\t\t\t\t<div class=\"elementor-widget-container\">\n\t\t\t\t\t\t\t<div class=\"elementor-cta\">\n\t\t\t\t\t\t\t<div class=\"elementor-cta__content\">\n\t\t\t\t\n\t\t\t\t\t\t\t\t\t<h2 class=\"elementor-cta__title elementor-cta__content-item elementor-content-item\">\n\t\t\t\t\t\tConsultor\u00eda<br>y formaci\u00f3n\t\t\t\t\t<\/h2>\n\t\t\t\t\n\t\t\t\t\t\t\t\t\t<div class=\"elementor-cta__description elementor-cta__content-item elementor-content-item\">\n\t\t\t\t\t\tCon un equipo de expertos en tecnolog\u00eda, ofrecemos servicios de consultor\u00eda para ayudar a las empresas a comprender y aprovechar al m\u00e1ximo las oportunidades digitales. Adem\u00e1s, proporcionamos formaci\u00f3n personalizada para asegurar que tu equipo est\u00e9 bien preparado para gestionar los retos y oportunidades del mundo digital.\t\t\t\t\t<\/div>\n\t\t\t\t\n\t\t\t\t\t\t\t<\/div>\n\t\t\t\t\t\t<\/div>\n\t\t\t\t\t\t<\/div>\n\t\t\t\t<\/div>\n\t\t\t\t<\/div>\n\t\t<div class=\"elementor-element elementor-element-c771d73 e-con-full e-flex e-con e-child\" data-id=\"c771d73\" data-element_type=\"container\" data-e-type=\"container\">\n\t\t\t\t<div class=\"elementor-element elementor-element-7f4c650 elementor-widget elementor-widget-image\" data-id=\"7f4c650\" data-element_type=\"widget\" data-e-type=\"widget\" data-widget_type=\"image.default\">\n\t\t\t\t<div class=\"elementor-widget-container\">\n\t\t\t\t\t\t\t\t\t\t\t\t\t\t\t<img fetchpriority=\"high\" decoding=\"async\" width=\"777\" height=\"828\" src=\"https:\/\/www.brescadigital.cat\/wp-content\/uploads\/2024\/04\/img-con-2.png\" class=\"attachment-large size-large wp-image-387\" alt=\"\" srcset=\"https:\/\/www.brescadigital.cat\/wp-content\/uploads\/2024\/04\/img-con-2.png 777w, https:\/\/www.brescadigital.cat\/wp-content\/uploads\/2024\/04\/img-con-2-768x818.png 768w\" sizes=\"(max-width: 777px) 100vw, 777px\" \/>\t\t\t\t\t\t\t\t\t\t\t\t\t\t\t<\/div>\n\t\t\t\t<\/div>\n\t\t\t\t<\/div>\n\t\t\t\t\t<\/div>\n\t\t\t\t<\/div>\n\t\t\t\t<\/div>\n\t\t","protected":false},"excerpt":{"rendered":"<p>Consultor\u00eday formaci\u00f3n Con un equipo de expertos en tecnolog\u00eda, ofrecemos servicios de consultor\u00eda para ayudar a las empresas a comprender y aprovechar al m\u00e1ximo las oportunidades digitales. Adem\u00e1s, proporcionamos formaci\u00f3n personalizada para asegurar que tu equipo est\u00e9 bien preparado para gestionar los retos y oportunidades del mundo digital.<\/p>\n","protected":false},"author":1,"featured_media":0,"parent":411,"menu_order":0,"comment_status":"closed","ping_status":"closed","template":"","meta":{"footnotes":""},"class_list":["post-419","page","type-page","status-publish","hentry"],"_links":{"self":[{"href":"https:\/\/www.brescadigital.cat\/es\/wp-json\/wp\/v2\/pages\/419","targetHints":{"allow":["GET"]}}],"collection":[{"href":"https:\/\/www.brescadigital.cat\/es\/wp-json\/wp\/v2\/pages"}],"about":[{"href":"https:\/\/www.brescadigital.cat\/es\/wp-json\/wp\/v2\/types\/page"}],"author":[{"embeddable":true,"href":"https:\/\/www.brescadigital.cat\/es\/wp-json\/wp\/v2\/users\/1"}],"replies":[{"embeddable":true,"href":"https:\/\/www.brescadigital.cat\/es\/wp-json\/wp\/v2\/comments?post=419"}],"version-history":[{"count":4,"href":"https:\/\/www.brescadigital.cat\/es\/wp-json\/wp\/v2\/pages\/419\/revisions"}],"predecessor-version":[{"id":464,"href":"https:\/\/www.brescadigital.cat\/es\/wp-json\/wp\/v2\/pages\/419\/revisions\/464"}],"up":[{"embeddable":true,"href":"https:\/\/www.brescadigital.cat\/es\/wp-json\/wp\/v2\/pages\/411"}],"wp:attachment":[{"href":"https:\/\/www.brescadigital.cat\/es\/wp-json\/wp\/v2\/media?parent=419"}],"curies":[{"name":"wp","href":"https:\/\/api.w.org\/{rel}","templated":true}]}}